{"id":30,"date":"2025-04-08T17:33:47","date_gmt":"2025-04-08T15:33:47","guid":{"rendered":"https:\/\/cool-tec.fancysoftware.de\/?page_id=30"},"modified":"2025-09-26T13:46:52","modified_gmt":"2025-09-26T11:46:52","slug":"cool-tec","status":"publish","type":"page","link":"https:\/\/cool-tec.fancysoftware.de\/","title":{"rendered":"cool-tec"},"content":{"rendered":"\n<div class=\"wp-block-group alignfull has-custom-wei-background-color has-background has-global-padding is-layout-constrained wp-block-group-is-layout-constrained\">\n<div class=\"wp-block-cover alignfull is-light\"><span aria-hidden=\"true\" class=\"wp-block-cover__background has-background-dim-0 has-background-dim\"><\/span><div class=\"wp-block-cover__inner-container is-layout-flow wp-block-cover-is-layout-flow\">\n<div class=\"wp-block-group alignfull is-style-default has-global-padding is-layout-constrained wp-container-core-group-is-layout-5035f312 wp-block-group-is-layout-constrained has-background\" style=\"border-radius:5px;min-height:49vh;margin-top:0;margin-bottom:0;padding-top:var(--wp--preset--spacing--80);padding-right:var(--wp--preset--spacing--30);padding-bottom:var(--wp--preset--spacing--80);padding-left:var(--wp--preset--spacing--30);background-image:url(&apos;https:\/\/cool-tec.fancysoftware.de\/wp-content\/uploads\/2025\/04\/6071608636_1b7a527a42_o.jpg&apos;);background-position:52% 93%;background-size:cover;\" data-aos=\"fade\" data-aos-duration=\"1000\" data-aos-easing=\"ease-out\">\n<div class=\"wp-block-group is-style-section-5 backdrop has-border-color has-custom-color-2-border-color has-accent-5-background-color has-background has-global-padding is-layout-constrained wp-container-core-group-is-layout-d76bd2b0 wp-block-group-is-layout-constrained is-style-section-5--1\" style=\"border-width:1px;border-radius:5px;padding-top:var(--wp--preset--spacing--40);padding-right:var(--wp--preset--spacing--30);padding-bottom:var(--wp--preset--spacing--40);padding-left:var(--wp--preset--spacing--30);font-style:normal;font-weight:500\" data-aos=\"zoom-in\" data-aos-delay=\"200\" data-aos-easing=\"ease-out\">\n<h2 class=\"wp-block-heading has-text-align-center has-xx-large-font-size\" style=\"margin-right:0;margin-left:0;padding-right:0;padding-left:0\">COOL-TEC S.A.<\/h2>\n\n\n\n<p class=\"has-text-align-center has-custom-wei-color has-text-color has-link-color wp-elements-117c87bcb8243edf7949c870550488ee\">Depuis 20 ans, nous sommes sp\u00e9cialis\u00e9s dans la climatisation et la r\u00e9frig\u00e9ration au Luxembourg. Que ce soit pour votre maison ou votre entreprise, nous vous proposons des solutions modernes, efficaces et durables afin de garantir confort et performance au quotidien.<\/p>\n\n\n\n<div class=\"wp-block-buttons is-content-justification-center is-layout-flex wp-container-core-buttons-is-layout-a89b3969 wp-block-buttons-is-layout-flex\">\n<div class=\"wp-block-button\"><a class=\"wp-block-button__link wp-element-button\" href=\"https:\/\/cool-tec.fancysoftware.de\/?page_id=72\">Contact<\/a><\/div>\n<\/div>\n<\/div>\n<\/div>\n<\/div><\/div>\n\n\n\n<div class=\"wp-block-group alignwide has-global-padding is-layout-constrained wp-container-core-group-is-layout-e21e8193 wp-block-group-is-layout-constrained\" style=\"margin-top:0;margin-bottom:0;padding-top:var(--wp--preset--spacing--50);padding-right:0;padding-bottom:var(--wp--preset--spacing--50);padding-left:0\">\n<h2 class=\"wp-block-heading alignwide\">Nos services<\/h2>\n\n\n\n<div class=\"wp-block-columns alignfull is-layout-flex wp-container-core-columns-is-layout-28f84493 wp-block-columns-is-layout-flex\">\n<div class=\"wp-block-column is-layout-flow wp-block-column-is-layout-flow\">\n<figure class=\"wp-block-image size-full\" style=\"margin-bottom:24px\" data-aos=\"fade\"><img loading=\"lazy\" decoding=\"async\" width=\"2048\" height=\"947\" src=\"https:\/\/cool-tec.fancysoftware.de\/wp-content\/uploads\/2025\/04\/Cogalation-2048x947-1.jpeg\" alt=\"\" class=\"wp-image-104\" style=\"aspect-ratio:4\/3;object-fit:cover\" srcset=\"https:\/\/cool-tec.fancysoftware.de\/wp-content\/uploads\/2025\/04\/Cogalation-2048x947-1.jpeg 2048w, https:\/\/cool-tec.fancysoftware.de\/wp-content\/uploads\/2025\/04\/Cogalation-2048x947-1-300x139.jpeg 300w, https:\/\/cool-tec.fancysoftware.de\/wp-content\/uploads\/2025\/04\/Cogalation-2048x947-1-1024x474.jpeg 1024w, https:\/\/cool-tec.fancysoftware.de\/wp-content\/uploads\/2025\/04\/Cogalation-2048x947-1-768x355.jpeg 768w, https:\/\/cool-tec.fancysoftware.de\/wp-content\/uploads\/2025\/04\/Cogalation-2048x947-1-1536x710.jpeg 1536w, https:\/\/cool-tec.fancysoftware.de\/wp-content\/uploads\/2025\/04\/Cogalation-2048x947-1-18x8.jpeg 18w\" sizes=\"auto, (max-width: 2048px) 100vw, 2048px\" \/><\/figure>\n\n\n\n<h3 class=\"wp-block-heading\">R\u00e9frig\u00e9ration<\/h3>\n\n\n\n<p class=\"has-medium-font-size\">La r\u00e9frig\u00e9ration permet de conserver les aliments plus longtemps en maintenant une temp\u00e9rature basse et stable.<\/p>\n<\/div>\n\n\n\n<div class=\"wp-block-column is-layout-flow wp-block-column-is-layout-flow\">\n<figure class=\"wp-block-image size-full\" style=\"margin-bottom:24px\" data-aos=\"fade\" data-aos-delay=\"400\" data-aos-once=\"true\"><img loading=\"lazy\" decoding=\"async\" width=\"2048\" height=\"1360\" src=\"https:\/\/cool-tec.fancysoftware.de\/wp-content\/uploads\/2025\/04\/Refrigeration-2048x1360-1.jpeg\" alt=\"\" class=\"wp-image-103\" style=\"aspect-ratio:4\/3;object-fit:cover\" srcset=\"https:\/\/cool-tec.fancysoftware.de\/wp-content\/uploads\/2025\/04\/Refrigeration-2048x1360-1.jpeg 2048w, https:\/\/cool-tec.fancysoftware.de\/wp-content\/uploads\/2025\/04\/Refrigeration-2048x1360-1-300x199.jpeg 300w, https:\/\/cool-tec.fancysoftware.de\/wp-content\/uploads\/2025\/04\/Refrigeration-2048x1360-1-1024x680.jpeg 1024w, https:\/\/cool-tec.fancysoftware.de\/wp-content\/uploads\/2025\/04\/Refrigeration-2048x1360-1-768x510.jpeg 768w, https:\/\/cool-tec.fancysoftware.de\/wp-content\/uploads\/2025\/04\/Refrigeration-2048x1360-1-1536x1020.jpeg 1536w, https:\/\/cool-tec.fancysoftware.de\/wp-content\/uploads\/2025\/04\/Refrigeration-2048x1360-1-18x12.jpeg 18w\" sizes=\"auto, (max-width: 2048px) 100vw, 2048px\" \/><\/figure>\n\n\n\n<h3 class=\"wp-block-heading\">Cong\u00e9lation<\/h3>\n\n\n\n<p class=\"has-medium-font-size\">La cong\u00e9lation est une m\u00e9thode efficace pour pr\u00e9server la qualit\u00e9 et la fra\u00eecheur des aliments pendant une longue p\u00e9riode.<\/p>\n<\/div>\n\n\n\n<div class=\"wp-block-column is-layout-flow wp-block-column-is-layout-flow\">\n<figure class=\"wp-block-image size-full\" style=\"margin-bottom:24px\" data-aos=\"fade\" data-aos-delay=\"400\"><img loading=\"lazy\" decoding=\"async\" width=\"751\" height=\"751\" src=\"https:\/\/cool-tec.fancysoftware.de\/wp-content\/uploads\/2025\/04\/01-warm-packshot-ftxa-bs-1-1-left.webp\" alt=\"\" class=\"wp-image-102\" style=\"aspect-ratio:4\/3;object-fit:cover\" srcset=\"https:\/\/cool-tec.fancysoftware.de\/wp-content\/uploads\/2025\/04\/01-warm-packshot-ftxa-bs-1-1-left.webp 751w, https:\/\/cool-tec.fancysoftware.de\/wp-content\/uploads\/2025\/04\/01-warm-packshot-ftxa-bs-1-1-left-300x300.webp 300w, https:\/\/cool-tec.fancysoftware.de\/wp-content\/uploads\/2025\/04\/01-warm-packshot-ftxa-bs-1-1-left-150x150.webp 150w, https:\/\/cool-tec.fancysoftware.de\/wp-content\/uploads\/2025\/04\/01-warm-packshot-ftxa-bs-1-1-left-12x12.webp 12w\" sizes=\"auto, (max-width: 751px) 100vw, 751px\" \/><\/figure>\n\n\n\n<h3 class=\"wp-block-heading\">Pompe \u00e0 chaleur et climatisation&nbsp;<\/h3>\n\n\n\n<p class=\"has-medium-font-size\">La pompe \u00e0 chaleur et la climatisation offrent une solution \u00e9conome en \u00e9nergie pour chauffer et rafra\u00eechir les b\u00e2timents tout au long de l\u2019ann\u00e9e.<\/p>\n<\/div>\n\n\n\n<div class=\"wp-block-column is-layout-flow wp-block-column-is-layout-flow\">\n<figure class=\"wp-block-image size-full\" style=\"margin-bottom:24px\" data-aos=\"fade\" data-aos-delay=\"400\"><img loading=\"lazy\" decoding=\"async\" width=\"1440\" height=\"2560\" src=\"https:\/\/cool-tec.fancysoftware.de\/wp-content\/uploads\/2025\/04\/IMG_1812-scaled-1.jpg\" alt=\"\" class=\"wp-image-101\" style=\"aspect-ratio:4\/3;object-fit:cover\" srcset=\"https:\/\/cool-tec.fancysoftware.de\/wp-content\/uploads\/2025\/04\/IMG_1812-scaled-1.jpg 1440w, https:\/\/cool-tec.fancysoftware.de\/wp-content\/uploads\/2025\/04\/IMG_1812-scaled-1-169x300.jpg 169w, https:\/\/cool-tec.fancysoftware.de\/wp-content\/uploads\/2025\/04\/IMG_1812-scaled-1-576x1024.jpg 576w, https:\/\/cool-tec.fancysoftware.de\/wp-content\/uploads\/2025\/04\/IMG_1812-scaled-1-768x1365.jpg 768w, https:\/\/cool-tec.fancysoftware.de\/wp-content\/uploads\/2025\/04\/IMG_1812-scaled-1-864x1536.jpg 864w, https:\/\/cool-tec.fancysoftware.de\/wp-content\/uploads\/2025\/04\/IMG_1812-scaled-1-1152x2048.jpg 1152w, https:\/\/cool-tec.fancysoftware.de\/wp-content\/uploads\/2025\/04\/IMG_1812-scaled-1-7x12.jpg 7w\" sizes=\"auto, (max-width: 1440px) 100vw, 1440px\" \/><\/figure>\n\n\n\n<h3 class=\"wp-block-heading\">Froid commercial<\/h3>\n\n\n\n<p class=\"has-medium-font-size\">Le froid commercial est essentiel pour garantir la conservation optimale des produits alimentaires dans les commerces et la restauration.<\/p>\n<\/div>\n\n\n\n<div class=\"wp-block-column is-layout-flow wp-block-column-is-layout-flow\">\n<figure class=\"wp-block-image size-full\" style=\"margin-bottom:24px\" data-aos=\"fade\" data-aos-delay=\"400\"><img loading=\"lazy\" decoding=\"async\" width=\"2048\" height=\"1638\" src=\"https:\/\/cool-tec.fancysoftware.de\/wp-content\/uploads\/2025\/04\/IMG_1814-2048x1638-1.jpg\" alt=\"\" class=\"wp-image-100\" style=\"aspect-ratio:4\/3;object-fit:cover\" srcset=\"https:\/\/cool-tec.fancysoftware.de\/wp-content\/uploads\/2025\/04\/IMG_1814-2048x1638-1.jpg 2048w, https:\/\/cool-tec.fancysoftware.de\/wp-content\/uploads\/2025\/04\/IMG_1814-2048x1638-1-300x240.jpg 300w, https:\/\/cool-tec.fancysoftware.de\/wp-content\/uploads\/2025\/04\/IMG_1814-2048x1638-1-1024x819.jpg 1024w, https:\/\/cool-tec.fancysoftware.de\/wp-content\/uploads\/2025\/04\/IMG_1814-2048x1638-1-768x614.jpg 768w, https:\/\/cool-tec.fancysoftware.de\/wp-content\/uploads\/2025\/04\/IMG_1814-2048x1638-1-1536x1229.jpg 1536w, https:\/\/cool-tec.fancysoftware.de\/wp-content\/uploads\/2025\/04\/IMG_1814-2048x1638-1-15x12.jpg 15w\" sizes=\"auto, (max-width: 2048px) 100vw, 2048px\" \/><\/figure>\n\n\n\n<h3 class=\"wp-block-heading\">Froid industriel<\/h3>\n\n\n\n<p class=\"has-medium-font-size\">Le froid industriel joue un r\u00f4le cl\u00e9 dans de nombreux secteurs, en assurant le stockage, la production et le transport \u00e0 des temp\u00e9ratures contr\u00f4l\u00e9es.<\/p>\n<\/div>\n<\/div>\n\n\n\n<hr class=\"wp-block-separator has-alpha-channel-opacity is-style-wide is-style-wide--2\"\/>\n<\/div>\n\n\n\n<div style=\"height:129px\" aria-hidden=\"true\" class=\"wp-block-spacer\"><\/div>\n\n\n\n<div class=\"wp-block-group alignfull has-global-padding is-layout-constrained wp-block-group-is-layout-constrained\" style=\"margin-top:0;margin-bottom:0\">\n<div class=\"wp-block-group alignwide has-base-color has-text-color has-link-color wp-elements-8aefeb4b09f09db609f28dd0cca6eec9 is-layout-flow wp-container-core-group-is-layout-431aea7e wp-block-group-is-layout-flow\" style=\"padding-top:var(--wp--preset--spacing--40);padding-bottom:var(--wp--preset--spacing--40)\">\n<h2 class=\"wp-block-heading has-x-large-font-size\">Notre Histoire<\/h2>\n\n\n\n<div class=\"wp-block-columns is-layout-flex wp-container-core-columns-is-layout-cbe57604 wp-block-columns-is-layout-flex\">\n<div class=\"wp-block-column is-layout-flow wp-block-column-is-layout-flow\">\n<div class=\"wp-block-group is-layout-flow wp-block-group-is-layout-flow\" style=\"border-top-color:var(--wp--preset--color--accent-6);border-top-width:1px;padding-top:var(--wp--preset--spacing--30);padding-bottom:var(--wp--preset--spacing--30)\">\n<h3 class=\"wp-block-heading\">\u2744\ufe0e Cool-Tec s.a a \u00e9t\u00e9 fond\u00e9e en 2005 par 6 anciens employ\u00e9s de la Soci\u00e9t\u00e9 Sarca s.a ( groupe Linde K\u00e4ltetechnik) .<\/h3>\n<\/div>\n<\/div>\n\n\n\n<div class=\"wp-block-column is-layout-flow wp-block-column-is-layout-flow\">\n<div class=\"wp-block-group is-layout-flow wp-block-group-is-layout-flow\" style=\"border-top-color:var(--wp--preset--color--accent-6);border-top-width:1px;padding-top:var(--wp--preset--spacing--30);padding-bottom:var(--wp--preset--spacing--30)\">\n<h3 class=\"wp-block-heading\">\u2744\ufe0e La soci\u00e9t\u00e9 a d\u00e9but\u00e9 en 2005 avec un effectif de 13 salari\u00e9s.<\/h3>\n<\/div>\n<\/div>\n<\/div>\n\n\n\n<div class=\"wp-block-columns is-layout-flex wp-container-core-columns-is-layout-cbe57604 wp-block-columns-is-layout-flex\">\n<div class=\"wp-block-column is-layout-flow wp-block-column-is-layout-flow\">\n<div class=\"wp-block-group is-layout-flow wp-block-group-is-layout-flow\" style=\"border-top-color:var(--wp--preset--color--accent-6);border-top-width:1px;padding-top:var(--wp--preset--spacing--30);padding-bottom:var(--wp--preset--spacing--30)\">\n<h3 class=\"wp-block-heading\">\u2744\ufe0e Ce jour Cool-tec s.a. compte 35 salari\u00e9s dans diff\u00e9rents d\u00e9partements.<\/h3>\n<\/div>\n<\/div>\n\n\n\n<div class=\"wp-block-column is-layout-flow wp-block-column-is-layout-flow\">\n<div class=\"wp-block-group is-layout-flow wp-block-group-is-layout-flow\" style=\"border-top-color:var(--wp--preset--color--accent-6);border-top-width:1px;padding-top:var(--wp--preset--spacing--30);padding-bottom:var(--wp--preset--spacing--30)\">\n<h3 class=\"wp-block-heading\">\u2744\ufe0e La plupart des employ\u00e9s ont une exp\u00e9rience de plus de 20 ans dans le froid commercial et industriel.<\/h3>\n<\/div>\n<\/div>\n<\/div>\n\n\n\n<div class=\"wp-block-columns is-layout-flex wp-container-core-columns-is-layout-cbe57604 wp-block-columns-is-layout-flex\">\n<div class=\"wp-block-column is-layout-flow wp-block-column-is-layout-flow\">\n<div class=\"wp-block-group is-layout-flow wp-block-group-is-layout-flow\" style=\"border-top-color:var(--wp--preset--color--accent-6);border-top-width:1px;padding-top:var(--wp--preset--spacing--30);padding-bottom:var(--wp--preset--spacing--30)\">\n<h3 class=\"wp-block-heading\">\u2744\ufe0e La soci\u00e9t\u00e9 est situ\u00e9e \u00e0 la p\u00e9riph\u00e9rie de Luxembourg \u2013Ville pr\u00e8s de l\u2018a\u00e9roport et des acc\u00e8s d\u2018autoroutes.<\/h3>\n<\/div>\n<\/div>\n\n\n\n<div class=\"wp-block-column is-layout-flow wp-block-column-is-layout-flow\">\n<div class=\"wp-block-group is-layout-flow wp-block-group-is-layout-flow\" style=\"border-top-color:var(--wp--preset--color--accent-6);border-top-width:1px;padding-top:var(--wp--preset--spacing--30);padding-bottom:var(--wp--preset--spacing--30)\">\n<h3 class=\"wp-block-heading\">\u2744\ufe0e Les techniciens de Cool-Tec s.a. garantissent un service apr\u00e8s-vente de 7\/7jours et de 24\/24 h.<\/h3>\n<\/div>\n<\/div>\n<\/div>\n<\/div>\n<\/div>\n\n\n\n<div style=\"height:129px\" aria-hidden=\"true\" class=\"wp-block-spacer\"><\/div>\n\n\n\n<p><\/p>\n<\/div>\n","protected":false},"excerpt":{"rendered":"<p>Nos services R\u00e9frig\u00e9ration La r\u00e9frig\u00e9ration permet de conserver les aliments plus longtemps en maintenant une temp\u00e9rature basse et stable. Cong\u00e9lation La cong\u00e9lation est une m\u00e9thode efficace pour pr\u00e9server la qualit\u00e9 et la fra\u00eecheur des aliments pendant une longue p\u00e9riode. Pompe \u00e0 chaleur et climatisation&nbsp; La pompe \u00e0 chaleur et la climatisation offrent une solution \u00e9conome [&hellip;]<\/p>\n","protected":false},"author":1,"featured_media":0,"parent":0,"menu_order":0,"comment_status":"closed","ping_status":"closed","template":"page-no-title","meta":{"footnotes":""},"class_list":["post-30","page","type-page","status-publish","hentry"],"yoast_head":"<!-- This site is optimized with the Yoast SEO plugin v27.3 - https:\/\/yoast.com\/product\/yoast-seo-wordpress\/ -->\n<title>cool-tec - COOL-TEC S.A.<\/title>\n<meta name=\"robots\" content=\"noindex, follow, max-snippet:-1, max-image-preview:large, max-video-preview:-1\" \/>\n<meta property=\"og:locale\" content=\"de_DE\" \/>\n<meta property=\"og:type\" content=\"article\" \/>\n<meta property=\"og:title\" content=\"cool-tec - COOL-TEC S.A.\" \/>\n<meta property=\"og:description\" content=\"Nos services R\u00e9frig\u00e9ration La r\u00e9frig\u00e9ration permet de conserver les aliments plus longtemps en maintenant une temp\u00e9rature basse et stable. Cong\u00e9lation La cong\u00e9lation est une m\u00e9thode efficace pour pr\u00e9server la qualit\u00e9 et la fra\u00eecheur des aliments pendant une longue p\u00e9riode. Pompe \u00e0 chaleur et climatisation&nbsp; La pompe \u00e0 chaleur et la climatisation offrent une solution \u00e9conome [&hellip;]\" \/>\n<meta property=\"og:url\" content=\"https:\/\/cool-tec.fancysoftware.de\/\" \/>\n<meta property=\"og:site_name\" content=\"COOL-TEC S.A.\" \/>\n<meta property=\"article:modified_time\" content=\"2025-09-26T11:46:52+00:00\" \/>\n<meta property=\"og:image\" content=\"https:\/\/cool-tec.fancysoftware.de\/wp-content\/uploads\/2025\/04\/Cogalation-2048x947-1.jpeg\" \/>\n\t<meta property=\"og:image:width\" content=\"2048\" \/>\n\t<meta property=\"og:image:height\" content=\"947\" \/>\n\t<meta property=\"og:image:type\" content=\"image\/jpeg\" \/>\n<meta name=\"twitter:card\" content=\"summary_large_image\" \/>\n<meta name=\"twitter:label1\" content=\"Gesch\u00e4tzte Lesezeit\" \/>\n\t<meta name=\"twitter:data1\" content=\"3\u00a0Minuten\" \/>\n<script type=\"application\/ld+json\" class=\"yoast-schema-graph\">{\"@context\":\"https:\\\/\\\/schema.org\",\"@graph\":[{\"@type\":\"WebPage\",\"@id\":\"https:\\\/\\\/cool-tec.fancysoftware.de\\\/\",\"url\":\"https:\\\/\\\/cool-tec.fancysoftware.de\\\/\",\"name\":\"cool-tec - COOL-TEC S.A.\",\"isPartOf\":{\"@id\":\"https:\\\/\\\/cool-tec.fancysoftware.de\\\/#website\"},\"primaryImageOfPage\":{\"@id\":\"https:\\\/\\\/cool-tec.fancysoftware.de\\\/#primaryimage\"},\"image\":{\"@id\":\"https:\\\/\\\/cool-tec.fancysoftware.de\\\/#primaryimage\"},\"thumbnailUrl\":\"https:\\\/\\\/cool-tec.fancysoftware.de\\\/wp-content\\\/uploads\\\/2025\\\/04\\\/Cogalation-2048x947-1.jpeg\",\"datePublished\":\"2025-04-08T15:33:47+00:00\",\"dateModified\":\"2025-09-26T11:46:52+00:00\",\"breadcrumb\":{\"@id\":\"https:\\\/\\\/cool-tec.fancysoftware.de\\\/#breadcrumb\"},\"inLanguage\":\"de\",\"potentialAction\":[{\"@type\":\"ReadAction\",\"target\":[\"https:\\\/\\\/cool-tec.fancysoftware.de\\\/\"]}]},{\"@type\":\"ImageObject\",\"inLanguage\":\"de\",\"@id\":\"https:\\\/\\\/cool-tec.fancysoftware.de\\\/#primaryimage\",\"url\":\"https:\\\/\\\/cool-tec.fancysoftware.de\\\/wp-content\\\/uploads\\\/2025\\\/04\\\/Cogalation-2048x947-1.jpeg\",\"contentUrl\":\"https:\\\/\\\/cool-tec.fancysoftware.de\\\/wp-content\\\/uploads\\\/2025\\\/04\\\/Cogalation-2048x947-1.jpeg\",\"width\":2048,\"height\":947},{\"@type\":\"BreadcrumbList\",\"@id\":\"https:\\\/\\\/cool-tec.fancysoftware.de\\\/#breadcrumb\",\"itemListElement\":[{\"@type\":\"ListItem\",\"position\":1,\"name\":\"Startseite\",\"item\":\"https:\\\/\\\/cool-tec.fancysoftware.de\\\/\"},{\"@type\":\"ListItem\",\"position\":2,\"name\":\"cool-tec\"}]},{\"@type\":\"WebSite\",\"@id\":\"https:\\\/\\\/cool-tec.fancysoftware.de\\\/#website\",\"url\":\"https:\\\/\\\/cool-tec.fancysoftware.de\\\/\",\"name\":\"COOL-TEC S.A.\",\"description\":\"20 ans de technologie de climatisation pour le Luxembourg\",\"publisher\":{\"@id\":\"https:\\\/\\\/cool-tec.fancysoftware.de\\\/#organization\"},\"potentialAction\":[{\"@type\":\"SearchAction\",\"target\":{\"@type\":\"EntryPoint\",\"urlTemplate\":\"https:\\\/\\\/cool-tec.fancysoftware.de\\\/?s={search_term_string}\"},\"query-input\":{\"@type\":\"PropertyValueSpecification\",\"valueRequired\":true,\"valueName\":\"search_term_string\"}}],\"inLanguage\":\"de\"},{\"@type\":\"Organization\",\"@id\":\"https:\\\/\\\/cool-tec.fancysoftware.de\\\/#organization\",\"name\":\"COOL-TEC S.A.\",\"url\":\"https:\\\/\\\/cool-tec.fancysoftware.de\\\/\",\"logo\":{\"@type\":\"ImageObject\",\"inLanguage\":\"de\",\"@id\":\"https:\\\/\\\/cool-tec.fancysoftware.de\\\/#\\\/schema\\\/logo\\\/image\\\/\",\"url\":\"https:\\\/\\\/cool-tec.fancysoftware.de\\\/wp-content\\\/uploads\\\/2025\\\/09\\\/logo-cooltec.png\",\"contentUrl\":\"https:\\\/\\\/cool-tec.fancysoftware.de\\\/wp-content\\\/uploads\\\/2025\\\/09\\\/logo-cooltec.png\",\"width\":833,\"height\":222,\"caption\":\"COOL-TEC S.A.\"},\"image\":{\"@id\":\"https:\\\/\\\/cool-tec.fancysoftware.de\\\/#\\\/schema\\\/logo\\\/image\\\/\"}}]}<\/script>\n<!-- \/ Yoast SEO plugin. -->","yoast_head_json":{"title":"cool-tec - COOL-TEC S.A.","robots":{"index":"noindex","follow":"follow","max-snippet":"max-snippet:-1","max-image-preview":"max-image-preview:large","max-video-preview":"max-video-preview:-1"},"og_locale":"de_DE","og_type":"article","og_title":"cool-tec - COOL-TEC S.A.","og_description":"Nos services R\u00e9frig\u00e9ration La r\u00e9frig\u00e9ration permet de conserver les aliments plus longtemps en maintenant une temp\u00e9rature basse et stable. Cong\u00e9lation La cong\u00e9lation est une m\u00e9thode efficace pour pr\u00e9server la qualit\u00e9 et la fra\u00eecheur des aliments pendant une longue p\u00e9riode. Pompe \u00e0 chaleur et climatisation&nbsp; La pompe \u00e0 chaleur et la climatisation offrent une solution \u00e9conome [&hellip;]","og_url":"https:\/\/cool-tec.fancysoftware.de\/","og_site_name":"COOL-TEC S.A.","article_modified_time":"2025-09-26T11:46:52+00:00","og_image":[{"width":2048,"height":947,"url":"https:\/\/cool-tec.fancysoftware.de\/wp-content\/uploads\/2025\/04\/Cogalation-2048x947-1.jpeg","type":"image\/jpeg"}],"twitter_card":"summary_large_image","twitter_misc":{"Gesch\u00e4tzte Lesezeit":"3\u00a0Minuten"},"schema":{"@context":"https:\/\/schema.org","@graph":[{"@type":"WebPage","@id":"https:\/\/cool-tec.fancysoftware.de\/","url":"https:\/\/cool-tec.fancysoftware.de\/","name":"cool-tec - COOL-TEC S.A.","isPartOf":{"@id":"https:\/\/cool-tec.fancysoftware.de\/#website"},"primaryImageOfPage":{"@id":"https:\/\/cool-tec.fancysoftware.de\/#primaryimage"},"image":{"@id":"https:\/\/cool-tec.fancysoftware.de\/#primaryimage"},"thumbnailUrl":"https:\/\/cool-tec.fancysoftware.de\/wp-content\/uploads\/2025\/04\/Cogalation-2048x947-1.jpeg","datePublished":"2025-04-08T15:33:47+00:00","dateModified":"2025-09-26T11:46:52+00:00","breadcrumb":{"@id":"https:\/\/cool-tec.fancysoftware.de\/#breadcrumb"},"inLanguage":"de","potentialAction":[{"@type":"ReadAction","target":["https:\/\/cool-tec.fancysoftware.de\/"]}]},{"@type":"ImageObject","inLanguage":"de","@id":"https:\/\/cool-tec.fancysoftware.de\/#primaryimage","url":"https:\/\/cool-tec.fancysoftware.de\/wp-content\/uploads\/2025\/04\/Cogalation-2048x947-1.jpeg","contentUrl":"https:\/\/cool-tec.fancysoftware.de\/wp-content\/uploads\/2025\/04\/Cogalation-2048x947-1.jpeg","width":2048,"height":947},{"@type":"BreadcrumbList","@id":"https:\/\/cool-tec.fancysoftware.de\/#breadcrumb","itemListElement":[{"@type":"ListItem","position":1,"name":"Startseite","item":"https:\/\/cool-tec.fancysoftware.de\/"},{"@type":"ListItem","position":2,"name":"cool-tec"}]},{"@type":"WebSite","@id":"https:\/\/cool-tec.fancysoftware.de\/#website","url":"https:\/\/cool-tec.fancysoftware.de\/","name":"COOL-TEC S.A.","description":"20 ans de technologie de climatisation pour le Luxembourg","publisher":{"@id":"https:\/\/cool-tec.fancysoftware.de\/#organization"},"potentialAction":[{"@type":"SearchAction","target":{"@type":"EntryPoint","urlTemplate":"https:\/\/cool-tec.fancysoftware.de\/?s={search_term_string}"},"query-input":{"@type":"PropertyValueSpecification","valueRequired":true,"valueName":"search_term_string"}}],"inLanguage":"de"},{"@type":"Organization","@id":"https:\/\/cool-tec.fancysoftware.de\/#organization","name":"COOL-TEC S.A.","url":"https:\/\/cool-tec.fancysoftware.de\/","logo":{"@type":"ImageObject","inLanguage":"de","@id":"https:\/\/cool-tec.fancysoftware.de\/#\/schema\/logo\/image\/","url":"https:\/\/cool-tec.fancysoftware.de\/wp-content\/uploads\/2025\/09\/logo-cooltec.png","contentUrl":"https:\/\/cool-tec.fancysoftware.de\/wp-content\/uploads\/2025\/09\/logo-cooltec.png","width":833,"height":222,"caption":"COOL-TEC S.A."},"image":{"@id":"https:\/\/cool-tec.fancysoftware.de\/#\/schema\/logo\/image\/"}}]}},"_links":{"self":[{"href":"https:\/\/cool-tec.fancysoftware.de\/index.php?rest_route=\/wp\/v2\/pages\/30","targetHints":{"allow":["GET"]}}],"collection":[{"href":"https:\/\/cool-tec.fancysoftware.de\/index.php?rest_route=\/wp\/v2\/pages"}],"about":[{"href":"https:\/\/cool-tec.fancysoftware.de\/index.php?rest_route=\/wp\/v2\/types\/page"}],"author":[{"embeddable":true,"href":"https:\/\/cool-tec.fancysoftware.de\/index.php?rest_route=\/wp\/v2\/users\/1"}],"replies":[{"embeddable":true,"href":"https:\/\/cool-tec.fancysoftware.de\/index.php?rest_route=%2Fwp%2Fv2%2Fcomments&post=30"}],"version-history":[{"count":39,"href":"https:\/\/cool-tec.fancysoftware.de\/index.php?rest_route=\/wp\/v2\/pages\/30\/revisions"}],"predecessor-version":[{"id":315,"href":"https:\/\/cool-tec.fancysoftware.de\/index.php?rest_route=\/wp\/v2\/pages\/30\/revisions\/315"}],"wp:attachment":[{"href":"https:\/\/cool-tec.fancysoftware.de\/index.php?rest_route=%2Fwp%2Fv2%2Fmedia&parent=30"}],"curies":[{"name":"wp","href":"https:\/\/api.w.org\/{rel}","templated":true}]}}